{"id":3899,"date":"2021-12-07T19:18:13","date_gmt":"2021-12-07T18:18:13","guid":{"rendered":"https:\/\/roxanecazorzi.com\/blog\/?page_id=3899"},"modified":"2021-12-22T12:41:01","modified_gmt":"2021-12-22T11:41:01","slug":"memoires-paralleles-intro","status":"publish","type":"page","link":"https:\/\/roxanecazorzi.com\/blog\/memoires-paralleles-intro\/","title":{"rendered":"Vall\u00e9e du Viroin"},"content":{"rendered":"\n<figure class=\"wp-block-image size-large\"><a href=\"https:\/\/i0.wp.com\/roxanecazorzi.com\/blog\/wp-content\/uploads\/2021\/12\/intro-viroin-tout-scaled.jpg?ssl=1\"><img data-recalc-dims=\"1\" loading=\"lazy\" decoding=\"async\" width=\"629\" height=\"445\" data-attachment-id=\"3964\" data-permalink=\"https:\/\/roxanecazorzi.com\/blog\/memoires-paralleles-intro\/intro-viroin-tout\/\" data-orig-file=\"https:\/\/i0.wp.com\/roxanecazorzi.com\/blog\/wp-content\/uploads\/2021\/12\/intro-viroin-tout-scaled.jpg?fit=2560%2C1810&amp;ssl=1\" data-orig-size=\"2560,1810\" data-comments-opened=\"0\" data-image-meta=\"{&quot;aperture&quot;:&quot;0&quot;,&quot;credit&quot;:&quot;&quot;,&quot;camera&quot;:&quot;&quot;,&quot;caption&quot;:&quot;&quot;,&quot;created_timestamp&quot;:&quot;0&quot;,&quot;copyright&quot;:&quot;&quot;,&quot;focal_length&quot;:&quot;0&quot;,&quot;iso&quot;:&quot;0&quot;,&quot;shutter_speed&quot;:&quot;0&quot;,&quot;title&quot;:&quot;&quot;,&quot;orientation&quot;:&quot;1&quot;}\" data-image-title=\"intro-viroin-tout\" data-image-description=\"\" data-image-caption=\"\" data-large-file=\"https:\/\/i0.wp.com\/roxanecazorzi.com\/blog\/wp-content\/uploads\/2021\/12\/intro-viroin-tout-scaled.jpg?fit=629%2C445&amp;ssl=1\" src=\"https:\/\/i0.wp.com\/roxanecazorzi.com\/blog\/wp-content\/uploads\/2021\/12\/intro-viroin-tout.jpg?resize=629%2C445&#038;ssl=1\" alt=\"\" class=\"wp-image-3964\" srcset=\"https:\/\/i0.wp.com\/roxanecazorzi.com\/blog\/wp-content\/uploads\/2021\/12\/intro-viroin-tout-scaled.jpg?resize=1024%2C724&amp;ssl=1 1024w, https:\/\/i0.wp.com\/roxanecazorzi.com\/blog\/wp-content\/uploads\/2021\/12\/intro-viroin-tout-scaled.jpg?resize=300%2C212&amp;ssl=1 300w, https:\/\/i0.wp.com\/roxanecazorzi.com\/blog\/wp-content\/uploads\/2021\/12\/intro-viroin-tout-scaled.jpg?resize=768%2C543&amp;ssl=1 768w, https:\/\/i0.wp.com\/roxanecazorzi.com\/blog\/wp-content\/uploads\/2021\/12\/intro-viroin-tout-scaled.jpg?resize=1536%2C1086&amp;ssl=1 1536w, https:\/\/i0.wp.com\/roxanecazorzi.com\/blog\/wp-content\/uploads\/2021\/12\/intro-viroin-tout-scaled.jpg?resize=2048%2C1448&amp;ssl=1 2048w, https:\/\/i0.wp.com\/roxanecazorzi.com\/blog\/wp-content\/uploads\/2021\/12\/intro-viroin-tout-scaled.jpg?resize=900%2C636&amp;ssl=1 900w, https:\/\/i0.wp.com\/roxanecazorzi.com\/blog\/wp-content\/uploads\/2021\/12\/intro-viroin-tout-scaled.jpg?resize=1280%2C905&amp;ssl=1 1280w, https:\/\/i0.wp.com\/roxanecazorzi.com\/blog\/wp-content\/uploads\/2021\/12\/intro-viroin-tout-scaled.jpg?w=1887&amp;ssl=1 1887w\" sizes=\"auto, (max-width: 629px) 100vw, 629px\" \/><\/a><\/figure>\n\n\n\n<p class=\"has-text-align-center\">Dans le cadre du projet<\/p>\n\n\n\n<p class=\"has-text-align-center has-large-font-size\"><strong>M\u00e9moires Parall\u00e8les du Malgr\u00e9-Tout<\/strong><\/p>\n\n\n\n<p class=\"has-text-align-center\"><em>\u201cUn futur pour la Culture\u201d \u2013 2021<\/em><\/p>\n\n\n\n<p class=\"has-text-align-center\">La Compagnie De Capes et De Mots pr\u00e9sente<\/p>\n\n\n\n<p class=\"has-text-align-center has-larger-font-size\"><strong>Vall\u00e9e du Viroin<\/strong><\/p>\n\n\n\n<p class=\"has-text-align-center\"> inspir\u00e9 d\u2019objets pr\u00e9sent\u00e9s dans les collections permanentes du mus\u00e9e du Malgr\u00e9-Tout (Treignes).<\/p>\n\n\n\n<figure class=\"wp-block-audio\"><audio controls src=\"https:\/\/roxanecazorzi.com\/blog\/wp-content\/uploads\/2021\/12\/Intro_01.mp3\"><\/audio><figcaption>Intro<\/figcaption><\/figure>\n\n\n\n<p>Avec le soutien de:<\/p>\n\n\n\n<div class=\"wp-block-columns is-layout-flex wp-container-core-columns-is-layout-9d6595d7 wp-block-columns-is-layout-flex\">\n<div class=\"wp-block-column is-layout-flow wp-block-column-is-layout-flow\">\n<div class=\"wp-block-columns is-layout-flex wp-container-core-columns-is-layout-9d6595d7 wp-block-columns-is-layout-flex\">\n<div class=\"wp-block-column is-layout-flow wp-block-column-is-layout-flow\">\n<figure class=\"wp-block-image size-large\"><a href=\"https:\/\/i0.wp.com\/roxanecazorzi.com\/blog\/wp-content\/uploads\/2021\/12\/Logo-noir.png?ssl=1\"><img data-recalc-dims=\"1\" loading=\"lazy\" decoding=\"async\" width=\"629\" height=\"400\" data-attachment-id=\"3922\" data-permalink=\"https:\/\/roxanecazorzi.com\/blog\/memoires-paralleles-schmerling\/logo-noir\/\" data-orig-file=\"https:\/\/i0.wp.com\/roxanecazorzi.com\/blog\/wp-content\/uploads\/2021\/12\/Logo-noir.png?fit=1139%2C724&amp;ssl=1\" data-orig-size=\"1139,724\" data-comments-opened=\"0\" data-image-meta=\"{&quot;aperture&quot;:&quot;0&quot;,&quot;credit&quot;:&quot;&quot;,&quot;camera&quot;:&quot;&quot;,&quot;caption&quot;:&quot;&quot;,&quot;created_timestamp&quot;:&quot;0&quot;,&quot;copyright&quot;:&quot;&quot;,&quot;focal_length&quot;:&quot;0&quot;,&quot;iso&quot;:&quot;0&quot;,&quot;shutter_speed&quot;:&quot;0&quot;,&quot;title&quot;:&quot;&quot;,&quot;orientation&quot;:&quot;0&quot;}\" data-image-title=\"Logo-noir\" data-image-description=\"\" data-image-caption=\"\" data-large-file=\"https:\/\/i0.wp.com\/roxanecazorzi.com\/blog\/wp-content\/uploads\/2021\/12\/Logo-noir.png?fit=629%2C400&amp;ssl=1\" src=\"https:\/\/i0.wp.com\/roxanecazorzi.com\/blog\/wp-content\/uploads\/2021\/12\/Logo-noir.png?resize=629%2C400&#038;ssl=1\" alt=\"Compagnie De Capes et De Mots\" class=\"wp-image-3922\" srcset=\"https:\/\/i0.wp.com\/roxanecazorzi.com\/blog\/wp-content\/uploads\/2021\/12\/Logo-noir.png?resize=1024%2C651&amp;ssl=1 1024w, https:\/\/i0.wp.com\/roxanecazorzi.com\/blog\/wp-content\/uploads\/2021\/12\/Logo-noir.png?resize=300%2C191&amp;ssl=1 300w, https:\/\/i0.wp.com\/roxanecazorzi.com\/blog\/wp-content\/uploads\/2021\/12\/Logo-noir.png?resize=768%2C488&amp;ssl=1 768w, https:\/\/i0.wp.com\/roxanecazorzi.com\/blog\/wp-content\/uploads\/2021\/12\/Logo-noir.png?resize=900%2C572&amp;ssl=1 900w, https:\/\/i0.wp.com\/roxanecazorzi.com\/blog\/wp-content\/uploads\/2021\/12\/Logo-noir.png?w=1139&amp;ssl=1 1139w\" sizes=\"auto, (max-width: 629px) 100vw, 629px\" \/><\/a><\/figure>\n<\/div>\n\n\n\n<div class=\"wp-block-column is-layout-flow wp-block-column-is-layout-flow\">\n<figure class=\"wp-block-image size-full\"><a href=\"https:\/\/i0.wp.com\/roxanecazorzi.com\/blog\/wp-content\/uploads\/2021\/12\/logo_smala_rouge.png?ssl=1\"><img data-recalc-dims=\"1\" loading=\"lazy\" decoding=\"async\" width=\"388\" height=\"392\" data-attachment-id=\"3924\" data-permalink=\"https:\/\/roxanecazorzi.com\/blog\/memoires-paralleles-schmerling\/logo_smala_rouge-2\/\" data-orig-file=\"https:\/\/i0.wp.com\/roxanecazorzi.com\/blog\/wp-content\/uploads\/2021\/12\/logo_smala_rouge.png?fit=388%2C392&amp;ssl=1\" data-orig-size=\"388,392\" data-comments-opened=\"0\" data-image-meta=\"{&quot;aperture&quot;:&quot;0&quot;,&quot;credit&quot;:&quot;&quot;,&quot;camera&quot;:&quot;&quot;,&quot;caption&quot;:&quot;&quot;,&quot;created_timestamp&quot;:&quot;0&quot;,&quot;copyright&quot;:&quot;&quot;,&quot;focal_length&quot;:&quot;0&quot;,&quot;iso&quot;:&quot;0&quot;,&quot;shutter_speed&quot;:&quot;0&quot;,&quot;title&quot;:&quot;&quot;,&quot;orientation&quot;:&quot;0&quot;}\" data-image-title=\"logo_smala_rouge\" data-image-description=\"\" data-image-caption=\"\" data-large-file=\"https:\/\/i0.wp.com\/roxanecazorzi.com\/blog\/wp-content\/uploads\/2021\/12\/logo_smala_rouge.png?fit=388%2C392&amp;ssl=1\" src=\"https:\/\/i0.wp.com\/roxanecazorzi.com\/blog\/wp-content\/uploads\/2021\/12\/logo_smala_rouge.png?resize=388%2C392&#038;ssl=1\" alt=\"SMALA Cin\u00e9ma\" class=\"wp-image-3924\" srcset=\"https:\/\/i0.wp.com\/roxanecazorzi.com\/blog\/wp-content\/uploads\/2021\/12\/logo_smala_rouge.png?w=388&amp;ssl=1 388w, https:\/\/i0.wp.com\/roxanecazorzi.com\/blog\/wp-content\/uploads\/2021\/12\/logo_smala_rouge.png?resize=297%2C300&amp;ssl=1 297w, https:\/\/i0.wp.com\/roxanecazorzi.com\/blog\/wp-content\/uploads\/2021\/12\/logo_smala_rouge.png?resize=88%2C88&amp;ssl=1 88w\" sizes=\"auto, (max-width: 388px) 100vw, 388px\" \/><\/a><\/figure>\n<\/div>\n<\/div>\n<\/div>\n\n\n\n<div class=\"wp-block-column is-layout-flow wp-block-column-is-layout-flow\">\n<div class=\"wp-block-columns is-layout-flex wp-container-core-columns-is-layout-9d6595d7 wp-block-columns-is-layout-flex\">\n<div class=\"wp-block-column is-layout-flow wp-block-column-is-layout-flow\">\n<figure class=\"wp-block-image size-large\"><a href=\"https:\/\/i0.wp.com\/roxanecazorzi.com\/blog\/wp-content\/uploads\/2021\/12\/newlogo100215ok-copie.jpg?ssl=1\"><img data-recalc-dims=\"1\" loading=\"lazy\" decoding=\"async\" width=\"629\" height=\"661\" data-attachment-id=\"3925\" data-permalink=\"https:\/\/roxanecazorzi.com\/blog\/memoires-paralleles-schmerling\/logommt01\/\" data-orig-file=\"https:\/\/i0.wp.com\/roxanecazorzi.com\/blog\/wp-content\/uploads\/2021\/12\/newlogo100215ok-copie.jpg?fit=2069%2C2173&amp;ssl=1\" data-orig-size=\"2069,2173\" data-comments-opened=\"0\" data-image-meta=\"{&quot;aperture&quot;:&quot;0&quot;,&quot;credit&quot;:&quot;&quot;,&quot;camera&quot;:&quot;&quot;,&quot;caption&quot;:&quot;&quot;,&quot;created_timestamp&quot;:&quot;0&quot;,&quot;copyright&quot;:&quot;&quot;,&quot;focal_length&quot;:&quot;0&quot;,&quot;iso&quot;:&quot;0&quot;,&quot;shutter_speed&quot;:&quot;0&quot;,&quot;title&quot;:&quot;LogommT01&quot;,&quot;orientation&quot;:&quot;1&quot;}\" data-image-title=\"LogommT01\" data-image-description=\"\" data-image-caption=\"\" data-large-file=\"https:\/\/i0.wp.com\/roxanecazorzi.com\/blog\/wp-content\/uploads\/2021\/12\/newlogo100215ok-copie.jpg?fit=629%2C661&amp;ssl=1\" src=\"https:\/\/i0.wp.com\/roxanecazorzi.com\/blog\/wp-content\/uploads\/2021\/12\/newlogo100215ok-copie.jpg?resize=629%2C661&#038;ssl=1\" alt=\"Mus\u00e9e du Malgr\u00e9-Tout\" class=\"wp-image-3925\" srcset=\"https:\/\/i0.wp.com\/roxanecazorzi.com\/blog\/wp-content\/uploads\/2021\/12\/newlogo100215ok-copie.jpg?resize=975%2C1024&amp;ssl=1 975w, https:\/\/i0.wp.com\/roxanecazorzi.com\/blog\/wp-content\/uploads\/2021\/12\/newlogo100215ok-copie.jpg?resize=286%2C300&amp;ssl=1 286w, https:\/\/i0.wp.com\/roxanecazorzi.com\/blog\/wp-content\/uploads\/2021\/12\/newlogo100215ok-copie.jpg?resize=768%2C807&amp;ssl=1 768w, https:\/\/i0.wp.com\/roxanecazorzi.com\/blog\/wp-content\/uploads\/2021\/12\/newlogo100215ok-copie.jpg?resize=1462%2C1536&amp;ssl=1 1462w, https:\/\/i0.wp.com\/roxanecazorzi.com\/blog\/wp-content\/uploads\/2021\/12\/newlogo100215ok-copie.jpg?resize=1950%2C2048&amp;ssl=1 1950w, https:\/\/i0.wp.com\/roxanecazorzi.com\/blog\/wp-content\/uploads\/2021\/12\/newlogo100215ok-copie.jpg?resize=900%2C945&amp;ssl=1 900w, https:\/\/i0.wp.com\/roxanecazorzi.com\/blog\/wp-content\/uploads\/2021\/12\/newlogo100215ok-copie.jpg?resize=1280%2C1344&amp;ssl=1 1280w, https:\/\/i0.wp.com\/roxanecazorzi.com\/blog\/wp-content\/uploads\/2021\/12\/newlogo100215ok-copie.jpg?w=1887&amp;ssl=1 1887w\" sizes=\"auto, (max-width: 629px) 100vw, 629px\" \/><\/a><\/figure>\n<\/div>\n\n\n\n<div class=\"wp-block-column is-layout-flow wp-block-column-is-layout-flow\">\n<figure class=\"wp-block-image size-full\"><a href=\"https:\/\/i0.wp.com\/roxanecazorzi.com\/blog\/wp-content\/uploads\/2021\/12\/logo-fwb.jpg?ssl=1\"><img data-recalc-dims=\"1\" loading=\"lazy\" decoding=\"async\" width=\"425\" height=\"140\" data-attachment-id=\"3926\" data-permalink=\"https:\/\/roxanecazorzi.com\/blog\/memoires-paralleles-schmerling\/logo-fwb\/\" data-orig-file=\"https:\/\/i0.wp.com\/roxanecazorzi.com\/blog\/wp-content\/uploads\/2021\/12\/logo-fwb.jpg?fit=425%2C140&amp;ssl=1\" data-orig-size=\"425,140\" data-comments-opened=\"0\" data-image-meta=\"{&quot;aperture&quot;:&quot;0&quot;,&quot;credit&quot;:&quot;&quot;,&quot;camera&quot;:&quot;&quot;,&quot;caption&quot;:&quot;&quot;,&quot;created_timestamp&quot;:&quot;0&quot;,&quot;copyright&quot;:&quot;&quot;,&quot;focal_length&quot;:&quot;0&quot;,&quot;iso&quot;:&quot;0&quot;,&quot;shutter_speed&quot;:&quot;0&quot;,&quot;title&quot;:&quot;&quot;,&quot;orientation&quot;:&quot;0&quot;}\" data-image-title=\"logo-fwb\" data-image-description=\"\" data-image-caption=\"\" data-large-file=\"https:\/\/i0.wp.com\/roxanecazorzi.com\/blog\/wp-content\/uploads\/2021\/12\/logo-fwb.jpg?fit=425%2C140&amp;ssl=1\" src=\"https:\/\/i0.wp.com\/roxanecazorzi.com\/blog\/wp-content\/uploads\/2021\/12\/logo-fwb.jpg?resize=425%2C140&#038;ssl=1\" alt=\"F\u00e9d\u00e9ration Wallonie-Bruxelles\" class=\"wp-image-3926\" srcset=\"https:\/\/i0.wp.com\/roxanecazorzi.com\/blog\/wp-content\/uploads\/2021\/12\/logo-fwb.jpg?w=425&amp;ssl=1 425w, https:\/\/i0.wp.com\/roxanecazorzi.com\/blog\/wp-content\/uploads\/2021\/12\/logo-fwb.jpg?resize=300%2C99&amp;ssl=1 300w\" sizes=\"auto, (max-width: 425px) 100vw, 425px\" \/><\/a><\/figure>\n<\/div>\n<\/div>\n<\/div>\n<\/div>\n\n\n\n<p>Illustration: Ludwine Deblon<\/p>\n\n\n\n<p>Musique: Kevin MacLeod<\/p>\n","protected":false},"excerpt":{"rendered":"<p>Dans le cadre du projet M\u00e9moires Parall\u00e8les du Malgr\u00e9-Tout \u201cUn futur pour la Culture\u201d \u2013 2021 La Compagnie De Capes et De Mots pr\u00e9sente Vall\u00e9e du Viroin inspir\u00e9 d\u2019objets pr\u00e9sent\u00e9s dans les collections permanentes du mus\u00e9e du Malgr\u00e9-Tout (Treignes). Avec le soutien de: Illustration: Ludwine Deblon Musique: Kevin MacLeod<\/p>\n","protected":false},"author":2,"featured_media":0,"parent":0,"menu_order":0,"comment_status":"closed","ping_status":"closed","template":"","meta":{"jetpack_post_was_ever_published":false,"footnotes":""},"class_list":["post-3899","page","type-page","status-publish","hentry"],"jetpack_sharing_enabled":true,"jetpack_shortlink":"https:\/\/wp.me\/P753c4-10T","jetpack-related-posts":[],"_links":{"self":[{"href":"https:\/\/roxanecazorzi.com\/blog\/wp-json\/wp\/v2\/pages\/3899","targetHints":{"allow":["GET"]}}],"collection":[{"href":"https:\/\/roxanecazorzi.com\/blog\/wp-json\/wp\/v2\/pages"}],"about":[{"href":"https:\/\/roxanecazorzi.com\/blog\/wp-json\/wp\/v2\/types\/page"}],"author":[{"embeddable":true,"href":"https:\/\/roxanecazorzi.com\/blog\/wp-json\/wp\/v2\/users\/2"}],"replies":[{"embeddable":true,"href":"https:\/\/roxanecazorzi.com\/blog\/wp-json\/wp\/v2\/comments?post=3899"}],"version-history":[{"count":0,"href":"https:\/\/roxanecazorzi.com\/blog\/wp-json\/wp\/v2\/pages\/3899\/revisions"}],"wp:attachment":[{"href":"https:\/\/roxanecazorzi.com\/blog\/wp-json\/wp\/v2\/media?parent=3899"}],"curies":[{"name":"wp","href":"https:\/\/api.w.org\/{rel}","templated":true}]}}